{"id":28,"date":"2016-12-03T21:43:54","date_gmt":"2016-12-03T21:43:54","guid":{"rendered":"http:\/\/ahlatcicekevi.com\/?post_type=product&#038;p=28"},"modified":"2025-11-18T05:46:46","modified_gmt":"2025-11-18T05:46:46","slug":"antoryum","status":"publish","type":"product","link":"http:\/\/ahlatcicekevi.com\/?product=antoryum","title":{"rendered":"Antoryum"},"content":{"rendered":"<p>Kalp \u015feklini and\u0131ran \u00e7i\u00e7ekleriyle ev, ofis, i\u015fyerleri gibi ya\u015fam alanlar\u0131nda \u00e7al\u0131\u015fma odalar\u0131 gibi yerleri s\u00fcsler ve mutluluk hissi katar. Bak\u0131mlar\u0131 kolay oldu\u011fundan \u00e7ok\u00e7a tercih edilir. Cam \u00f6n\u00fc kap\u0131 \u00f6n\u00fc gibi r\u00fczgar ak\u0131m\u0131na maruz kalacak yerlere koyulmamal\u0131d\u0131r, aksi takdirde yapraklar\u0131n\u0131 d\u00f6ker. Antoryum saks\u0131 \u00e7i\u00e7e\u011fi direk olarak g\u00fcn \u0131\u015f\u0131\u011f\u0131na maruz kalmamal\u0131d\u0131r. Dolayl\u0131 yollardan \u0131\u015f\u0131\u011f\u0131 sever. Karanl\u0131kta kalan k\u0131s\u0131m haftada 1 kere \u0131\u015f\u0131k alan y\u00f6ne \u00e7evrilmelidir. B\u00f6ylelikle yapraklardaki \u00e7\u00fcr\u00fcme ve sararmalar engellenebilir. Sulama yapmadan \u00f6nce \u00e7i\u00e7e\u011fin topra\u011f\u0131n\u0131n suya ihtiyac\u0131 olup olmad\u0131\u011f\u0131n\u0131 anlamak i\u00e7in parma\u011f\u0131m\u0131z\u0131 topra\u011f\u0131na bat\u0131rarak kontrol edebiliriz. E\u011fer hala nemli ise elimiz \u0131slan\u0131yorsa sulama i\u015flemini 1 ka\u00e7 g\u00fcn sonraya b\u0131rakabiliriz. Sulama yaparken dikkat edilmesi geren bir di\u011fer \u00f6nemli unsurda \u00e7i\u00e7e\u011fe verilecek suyun oda s\u0131cakl\u0131\u011f\u0131nda olmas\u0131 gerekmektedir. K\u0131\u015f aylar\u0131nda d\u00fczenli olarak haftada 1 kere, yaz aylar\u0131nda ise hava s\u0131cakl\u0131klar\u0131n\u0131n artmas\u0131ndan dolay\u0131 d\u00fczenli olarak haftada 2 kere sulanmal\u0131d\u0131r. Sulamada kullan\u0131lan su kab\u0131 ve \u00f6l\u00e7ek de\u011fi\u015ftirilmemelidir. Sulamadan sonra saks\u0131n\u0131n alt\u0131ndaki kapta biriken su, b\u00f6ceklenme ve koku olmamas\u0131 i\u00e7in d\u00f6k\u00fclmelidir.<\/p>\n","protected":false},"excerpt":{"rendered":"<p style=\"text-align: justify;\">Antoryum saks\u0131 \u00e7i\u00e7e\u011fi, ev, ofis, i\u015fyerleri gibi ya\u015fam alanlar\u0131m\u0131z\u0131 renklendiren bitkilerdir. Saks\u0131 \u00e7e\u015fidi olarak pembe, beyaz ve k\u0131rm\u0131z\u0131 renk \u00e7e\u015fitleri vard\u0131r. Boylar\u0131 40 cm ile 80 cm aras\u0131nda de\u011fi\u015fmektedir.<\/p>\n","protected":false},"featured_media":86,"comment_status":"open","ping_status":"closed","template":"","meta":{"jetpack_post_was_ever_published":false,"jetpack_publicize_message":"","jetpack_publicize_feature_enabled":true,"jetpack_social_post_already_shared":false,"jetpack_social_options":{"image_generator_settings":{"template":"highway","enabled":false},"version":2}},"product_cat":[7],"product_tag":[],"class_list":{"0":"post-28","1":"product","2":"type-product","3":"status-publish","4":"has-post-thumbnail","6":"product_cat-saksi-cicekleri","8":"first","9":"instock","10":"sold-individually","11":"shipping-taxable","12":"purchasable","13":"product-type-simple"},"jetpack_publicize_connections":[],"jetpack_sharing_enabled":true,"_links":{"self":[{"href":"http:\/\/ahlatcicekevi.com\/index.php?rest_route=\/wp\/v2\/product\/28"}],"collection":[{"href":"http:\/\/ahlatcicekevi.com\/index.php?rest_route=\/wp\/v2\/product"}],"about":[{"href":"http:\/\/ahlatcicekevi.com\/index.php?rest_route=\/wp\/v2\/types\/product"}],"replies":[{"embeddable":true,"href":"http:\/\/ahlatcicekevi.com\/index.php?rest_route=%2Fwp%2Fv2%2Fcomments&post=28"}],"wp:featuredmedia":[{"embeddable":true,"href":"http:\/\/ahlatcicekevi.com\/index.php?rest_route=\/wp\/v2\/media\/86"}],"wp:attachment":[{"href":"http:\/\/ahlatcicekevi.com\/index.php?rest_route=%2Fwp%2Fv2%2Fmedia&parent=28"}],"wp:term":[{"taxonomy":"product_cat","embeddable":true,"href":"http:\/\/ahlatcicekevi.com\/index.php?rest_route=%2Fwp%2Fv2%2Fproduct_cat&post=28"},{"taxonomy":"product_tag","embeddable":true,"href":"http:\/\/ahlatcicekevi.com\/index.php?rest_route=%2Fwp%2Fv2%2Fproduct_tag&post=28"}],"curies":[{"name":"wp","href":"https:\/\/api.w.org\/{rel}","templated":true}]}}