{"id":133,"date":"2016-12-20T19:06:13","date_gmt":"2016-12-20T19:06:13","guid":{"rendered":"http:\/\/ahlatcicekevi.com\/?post_type=product&#038;p=133"},"modified":"2025-12-30T10:57:52","modified_gmt":"2025-12-30T10:57:52","slug":"karisik-buket-2","status":"publish","type":"product","link":"http:\/\/ahlatcicekevi.com\/?product=karisik-buket-2","title":{"rendered":"Kar\u0131\u015f\u0131k Buket"},"content":{"rendered":"","protected":false},"excerpt":{"rendered":"","protected":false},"featured_media":493,"comment_status":"open","ping_status":"closed","template":"","meta":{"jetpack_post_was_ever_published":false,"jetpack_publicize_message":"","jetpack_publicize_feature_enabled":true,"jetpack_social_post_already_shared":false,"jetpack_social_options":{"image_generator_settings":{"template":"highway","enabled":false},"version":2}},"product_cat":[13],"product_tag":[],"class_list":{"0":"post-133","1":"product","2":"type-product","3":"status-publish","4":"has-post-thumbnail","6":"product_cat-canli-buketler","8":"first","9":"instock","10":"shipping-taxable","11":"purchasable","12":"product-type-simple"},"jetpack_publicize_connections":[],"jetpack_sharing_enabled":true,"_links":{"self":[{"href":"http:\/\/ahlatcicekevi.com\/index.php?rest_route=\/wp\/v2\/product\/133"}],"collection":[{"href":"http:\/\/ahlatcicekevi.com\/index.php?rest_route=\/wp\/v2\/product"}],"about":[{"href":"http:\/\/ahlatcicekevi.com\/index.php?rest_route=\/wp\/v2\/types\/product"}],"replies":[{"embeddable":true,"href":"http:\/\/ahlatcicekevi.com\/index.php?rest_route=%2Fwp%2Fv2%2Fcomments&post=133"}],"wp:featuredmedia":[{"embeddable":true,"href":"http:\/\/ahlatcicekevi.com\/index.php?rest_route=\/wp\/v2\/media\/493"}],"wp:attachment":[{"href":"http:\/\/ahlatcicekevi.com\/index.php?rest_route=%2Fwp%2Fv2%2Fmedia&parent=133"}],"wp:term":[{"taxonomy":"product_cat","embeddable":true,"href":"http:\/\/ahlatcicekevi.com\/index.php?rest_route=%2Fwp%2Fv2%2Fproduct_cat&post=133"},{"taxonomy":"product_tag","embeddable":true,"href":"http:\/\/ahlatcicekevi.com\/index.php?rest_route=%2Fwp%2Fv2%2Fproduct_tag&post=133"}],"curies":[{"name":"wp","href":"https:\/\/api.w.org\/{rel}","templated":true}]}}