{"id":119,"date":"2016-12-20T18:58:31","date_gmt":"2016-12-20T18:58:31","guid":{"rendered":"http:\/\/ahlatcicekevi.com\/?post_type=product&#038;p=119"},"modified":"2025-01-30T12:45:18","modified_gmt":"2025-01-30T12:45:18","slug":"kirmizi-gul-buket-6-adet","status":"publish","type":"product","link":"http:\/\/ahlatcicekevi.com\/?product=kirmizi-gul-buket-6-adet","title":{"rendered":"K\u0131rm\u0131z\u0131 G\u00fcl Buket 6 Adet"},"content":{"rendered":"","protected":false},"excerpt":{"rendered":"","protected":false},"featured_media":120,"comment_status":"open","ping_status":"closed","template":"","meta":{"jetpack_post_was_ever_published":false,"jetpack_publicize_message":"","jetpack_publicize_feature_enabled":true,"jetpack_social_post_already_shared":false,"jetpack_social_options":{"image_generator_settings":{"template":"highway","enabled":false},"version":2}},"product_cat":[13],"product_tag":[],"class_list":{"0":"post-119","1":"product","2":"type-product","3":"status-publish","4":"has-post-thumbnail","6":"product_cat-canli-buketler","8":"first","9":"instock","10":"shipping-taxable","11":"purchasable","12":"product-type-simple"},"jetpack_publicize_connections":[],"jetpack_sharing_enabled":true,"_links":{"self":[{"href":"http:\/\/ahlatcicekevi.com\/index.php?rest_route=\/wp\/v2\/product\/119"}],"collection":[{"href":"http:\/\/ahlatcicekevi.com\/index.php?rest_route=\/wp\/v2\/product"}],"about":[{"href":"http:\/\/ahlatcicekevi.com\/index.php?rest_route=\/wp\/v2\/types\/product"}],"replies":[{"embeddable":true,"href":"http:\/\/ahlatcicekevi.com\/index.php?rest_route=%2Fwp%2Fv2%2Fcomments&post=119"}],"wp:featuredmedia":[{"embeddable":true,"href":"http:\/\/ahlatcicekevi.com\/index.php?rest_route=\/wp\/v2\/media\/120"}],"wp:attachment":[{"href":"http:\/\/ahlatcicekevi.com\/index.php?rest_route=%2Fwp%2Fv2%2Fmedia&parent=119"}],"wp:term":[{"taxonomy":"product_cat","embeddable":true,"href":"http:\/\/ahlatcicekevi.com\/index.php?rest_route=%2Fwp%2Fv2%2Fproduct_cat&post=119"},{"taxonomy":"product_tag","embeddable":true,"href":"http:\/\/ahlatcicekevi.com\/index.php?rest_route=%2Fwp%2Fv2%2Fproduct_tag&post=119"}],"curies":[{"name":"wp","href":"https:\/\/api.w.org\/{rel}","templated":true}]}}