{"id":14,"date":"2016-12-03T20:54:05","date_gmt":"2016-12-03T20:54:05","guid":{"rendered":"http:\/\/ahlatcicekevi.com\/?page_id=14"},"modified":"2025-03-08T13:13:06","modified_gmt":"2025-03-08T13:13:06","slug":"iletisim","status":"publish","type":"page","link":"http:\/\/ahlatcicekevi.com\/?page_id=14","title":{"rendered":"\u0130leti\u015fim"},"content":{"rendered":"<p>Ahlat \u00c7i\u00e7ek Evi &#8211; Umut \u00c7i\u00e7ek\u00e7ilik ve Kozmetik<\/p>\n<p>Umut &amp; Ma\u011fsut B\u0130LD\u0130R\u0130C\u0130<\/p>\n<p><img loading=\"lazy\" decoding=\"async\" class=\"alignnone wp-image-15\" src=\"http:\/\/ahlatcicekevi.com\/wp-content\/uploads\/2016\/12\/home-next-icon.png\" alt=\"home-next-icon\" width=\"74\" height=\"74\" srcset=\"http:\/\/ahlatcicekevi.com\/wp-content\/uploads\/2016\/12\/home-next-icon.png 128w, http:\/\/ahlatcicekevi.com\/wp-content\/uploads\/2016\/12\/home-next-icon-100x100.png 100w\" sizes=\"(max-width: 74px) 100vw, 74px\" \/> <strong>Adres:<\/strong> Yukar\u0131 \u00c7ar\u015f\u0131 Belediye Park\u0131 Kar\u015f\u0131s\u0131 AHLAT\/B\u0130TL\u0130S<\/p>\n<p><img loading=\"lazy\" decoding=\"async\" class=\"alignnone wp-image-16\" src=\"http:\/\/ahlatcicekevi.com\/wp-content\/uploads\/2016\/12\/phone-128.png\" alt=\"phone-128\" width=\"56\" height=\"56\" srcset=\"http:\/\/ahlatcicekevi.com\/wp-content\/uploads\/2016\/12\/phone-128.png 128w, http:\/\/ahlatcicekevi.com\/wp-content\/uploads\/2016\/12\/phone-128-100x100.png 100w\" sizes=\"(max-width: 56px) 100vw, 56px\" \/> <strong>Telefon:<\/strong> Umut B\u0130LD\u0130R\u0130C\u0130 \u00a0\u00a0\u00a0\u00a0\u00a0 0 543 816 01 13<\/p>\n<p><strong>Havale \u0130\u00e7in Banka Hesap Numar\u0131m\u0131z<\/strong><\/p>\n<p>Ziraatbank \u0130BAN No:\u00a0 TR45 0001 0002 7183 0646 0550 01 (Umut B\u0130LD\u0130R\u0130C\u0130 al\u0131c\u0131 olarak girilmelidir.)<\/p>\n<p>\u0130\u015fbank \u0130BAN No:\u00a0 TR350006400000182300756101 (Umut B\u0130LD\u0130R\u0130C\u0130 al\u0131c\u0131 olarak girilmelidir.)<\/p>\n<p>Halkbank \u0130BAN No: TR870001200138800001104086\u00a0 (Umut B\u0130LD\u0130R\u0130C\u0130 al\u0131c\u0131 olarak girilmelidir.)<\/p><p><\/p>","protected":false},"excerpt":{"rendered":"<p>Ahlat \u00c7i\u00e7ek Evi &#8211; Umut \u00c7i\u00e7ek\u00e7ilik ve Kozmetik Umut &amp; Ma\u011fsut B\u0130LD\u0130R\u0130C\u0130 Adres: Yukar\u0131 \u00c7ar\u015f\u0131 Belediye Park\u0131 Kar\u015f\u0131s\u0131 AHLAT\/B\u0130TL\u0130S Telefon: Umut B\u0130LD\u0130R\u0130C\u0130 \u00a0\u00a0\u00a0\u00a0\u00a0 0 543 816 01 13 Havale \u0130\u00e7in Banka Hesap Numar\u0131m\u0131z Ziraatbank \u0130BAN No:\u00a0 TR45 0001 0002 7183&hellip;<\/p>\n","protected":false},"author":2,"featured_media":0,"parent":0,"menu_order":0,"comment_status":"closed","ping_status":"closed","template":"","meta":{"jetpack_post_was_ever_published":false,"footnotes":""},"class_list":["post-14","page","type-page","status-publish","hentry"],"jetpack_sharing_enabled":true,"_links":{"self":[{"href":"http:\/\/ahlatcicekevi.com\/index.php?rest_route=\/wp\/v2\/pages\/14"}],"collection":[{"href":"http:\/\/ahlatcicekevi.com\/index.php?rest_route=\/wp\/v2\/pages"}],"about":[{"href":"http:\/\/ahlatcicekevi.com\/index.php?rest_route=\/wp\/v2\/types\/page"}],"author":[{"embeddable":true,"href":"http:\/\/ahlatcicekevi.com\/index.php?rest_route=\/wp\/v2\/users\/2"}],"replies":[{"embeddable":true,"href":"http:\/\/ahlatcicekevi.com\/index.php?rest_route=%2Fwp%2Fv2%2Fcomments&post=14"}],"version-history":[{"count":16,"href":"http:\/\/ahlatcicekevi.com\/index.php?rest_route=\/wp\/v2\/pages\/14\/revisions"}],"predecessor-version":[{"id":559,"href":"http:\/\/ahlatcicekevi.com\/index.php?rest_route=\/wp\/v2\/pages\/14\/revisions\/559"}],"wp:attachment":[{"href":"http:\/\/ahlatcicekevi.com\/index.php?rest_route=%2Fwp%2Fv2%2Fmedia&parent=14"}],"curies":[{"name":"wp","href":"https:\/\/api.w.org\/{rel}","templated":true}]}}